{"id":40,"date":"2015-05-05T11:47:57","date_gmt":"2015-05-05T09:47:57","guid":{"rendered":"http:\/\/chefkoch.raclette.de\/?page_id=40"},"modified":"2017-10-17T14:59:38","modified_gmt":"2017-10-17T12:59:38","slug":"volker-osieka","status":"publish","type":"page","link":"https:\/\/www.raclette.de\/chefkoch\/volker-osieka\/","title":{"rendered":"Unser Chefkoch: Volker Osieka"},"content":{"rendered":"<p><img loading=\"lazy\" decoding=\"async\" class=\" wp-image-533 alignleft\" src=\"\/\/www.raclette.de\/chefkoch\/\/wp-content\/uploads\/2015\/05\/volker-dinner.jpg\" alt=\"volker-osieka\" width=\"207\" height=\"261\" \/> Unser Chefkoch Volker Osieka arbeitete in vielen deutschen Top-Restaurants, davon 14 Jahre in der Sternegastronomie und war auch schon Gastkoch bei der Berlinale und der Bambi-Verleihung!<\/p>\n<p>Seine Philosophie:<br \/>\n&#8222;Kochen ist f\u00fcr mich Kunst und Leidenschaft&#8220;.<\/p>\n<p>Sein besonderes Anliegen ist es, Sie auf Ideen zu bringen! Lassen Sie sich \u00fcberraschen!<\/p>\n<p>Und er freut sich \u00fcber Ihre Kommentare!<\/p>\n","protected":false},"excerpt":{"rendered":"<p>Unser Chefkoch Volker Osieka arbeitete in vielen deutschen Top-Restaurants, davon 14 Jahre in der Sternegastronomie und war auch schon Gastkoch bei der Berlinale und der Bambi-Verleihung! Seine Philosophie: &#8222;Kochen ist f\u00fcr mich Kunst und Leidenschaft&#8220;. Sein besonderes Anliegen ist es, Sie auf Ideen zu bringen! Lassen Sie sich \u00fcberraschen! Und er freut sich \u00fcber Ihre [&hellip;]<\/p>\n","protected":false},"author":2,"featured_media":0,"parent":0,"menu_order":0,"comment_status":"open","ping_status":"open","template":"","meta":{"footnotes":""},"class_list":["post-40","page","type-page","status-publish","hentry"],"_links":{"self":[{"href":"https:\/\/www.raclette.de\/chefkoch\/wp-json\/wp\/v2\/pages\/40"}],"collection":[{"href":"https:\/\/www.raclette.de\/chefkoch\/wp-json\/wp\/v2\/pages"}],"about":[{"href":"https:\/\/www.raclette.de\/chefkoch\/wp-json\/wp\/v2\/types\/page"}],"author":[{"embeddable":true,"href":"https:\/\/www.raclette.de\/chefkoch\/wp-json\/wp\/v2\/users\/2"}],"replies":[{"embeddable":true,"href":"https:\/\/www.raclette.de\/chefkoch\/wp-json\/wp\/v2\/comments?post=40"}],"version-history":[{"count":11,"href":"https:\/\/www.raclette.de\/chefkoch\/wp-json\/wp\/v2\/pages\/40\/revisions"}],"predecessor-version":[{"id":1172,"href":"https:\/\/www.raclette.de\/chefkoch\/wp-json\/wp\/v2\/pages\/40\/revisions\/1172"}],"wp:attachment":[{"href":"https:\/\/www.raclette.de\/chefkoch\/wp-json\/wp\/v2\/media?parent=40"}],"curies":[{"name":"wp","href":"https:\/\/api.w.org\/{rel}","templated":true}]}}